{"id":14,"date":"2016-09-13T12:29:25","date_gmt":"2016-09-13T10:29:25","guid":{"rendered":"http:\/\/reseauburnout.org\/?page_id=14"},"modified":"2026-02-02T10:41:45","modified_gmt":"2026-02-02T09:41:45","slug":"qui-sommes-nous","status":"publish","type":"page","link":"https:\/\/reseauburnout.org\/index.php\/qui-sommes-nous\/","title":{"rendered":"Qui sommes-nous ?"},"content":{"rendered":"<div id=\"pl-14\"  class=\"panel-layout\" ><div id=\"pg-14-0\"  class=\"panel-grid panel-no-style\" ><div id=\"pgc-14-0-0\"  class=\"panel-grid-cell\" ><div id=\"panel-14-0-0-0\" class=\"so-panel widget widget_sow-editor panel-first-child\" data-index=\"0\" ><div class=\"panel-widget-style panel-widget-style-for-14-0-0-0\" ><div\n\t\t\t\n\t\t\tclass=\"so-widget-sow-editor so-widget-sow-editor-base\"\n\t\t\t\n\t\t>\n<div class=\"siteorigin-widget-tinymce textwidget\">\n\t<p>L'asbl R\u00e9seau Burn Out\u00a0est un r\u00e9seau d\u2019intervenants sp\u00e9cialis\u00e9s dans le suivi et l\u2019accompagnement de probl\u00e9matiques et situations \u00e9manant de pathologies li\u00e9es \u00e0 la charge psychosociale au travail.<\/p>\n<p><strong>Notre r\u00e9seau est constitu\u00e9 de professionnels d\u2019horizons et de disciplines diff\u00e9rentes.<\/strong><br \/>Tous convergent vers un m\u00eame objectif : soutenir le m\u00e9decin traitant \u00e0 r\u00e9tablir le bien-\u00eatre de la personne. En collaboration \u00e9troite avec le m\u00e9decin traitant, nous assurons un accompagnement sp\u00e9cifique \u00e0 chacun et \u00e0 chaque \u00e9tape de son processus.<\/p>\n<p>Le R\u00e9seau Burn Out est reconnu tant par le corps m\u00e9dical que par les patients pour le s\u00e9rieux et le professionnalisme de chacun de ses membres.<\/p>\n<\/div>\n<\/div><\/div><\/div><div id=\"panel-14-0-0-1\" class=\"so-panel widget widget_sow-editor panel-last-child\" data-index=\"1\" ><div class=\"panel-widget-style panel-widget-style-for-14-0-0-1\" ><div\n\t\t\t\n\t\t\tclass=\"so-widget-sow-editor so-widget-sow-editor-base\"\n\t\t\t\n\t\t>\n<div class=\"siteorigin-widget-tinymce textwidget\">\n\t<p><a name=\"membres\"><\/a><\/p>\n<h2><span style=\"color: #993366;\">Les membres du r\u00e9seau<\/span><\/h2>\n<h3>Les m\u00e9decins psychiatres et g\u00e9n\u00e9ralistes<\/h3>\n<p><a href=\"#wow-modal-id-43\">Noufissa Atarhouch<\/a> <em>Bruxelles<\/em><br \/>\n<a href=\"#wow-modal-id-2\">Ariane Bouillon<\/a> <em>Bruxelles - Enghien<\/em><br \/>\n<a href=\"#wow-modal-id-26\">Michel Chantraine<\/a> <em>Bruxelles - La Hulpe<\/em><br \/>\n<a href=\"#wow-modal-id-38\">Lia de Lacerda<\/a> <em>Bruxelles<\/em><br \/>\n<a href=\"#wow-modal-id-30\">Serge Goffinet<\/a> <em>Bruxelles - Wavre<\/em><br \/>\n<a href=\"#wow-modal-id-1\">Patrick Mesters<\/a> <em>Bruxelles<\/em><\/p>\n<h3>Les psychologues<\/h3>\n<p><a href=\"#wow-modal-id-23\">Christophe Brasseur<\/a> <em>Jodoigne - Wavre<\/em><br \/>\n<a href=\"#wow-modal-id-4\">B\u00e9atrice Brouette<\/a> <em>Li\u00e8ge<\/em><br \/>\n<a href=\"#wow-modal-id-5\">Jean-Denis Bustin<\/a> <em>Bruxelles<\/em><br \/>\n<a href=\"#wow-modal-id-34\">Sylvie Callens<\/a> <em>Bruxelles - Tournai<\/em><br \/>\n<a href=\"#wow-modal-id-6\">Florence Carpin<\/a> <em>Genappe - Ham-sur-Heure<br \/>\n<\/em><a href=\"#wow-modal-id-47\">St\u00e9phanie de Ville<\/a> <em>Uccle<\/em><br \/>\n<a href=\"#wow-modal-id-8\">S\u00e9verine Efratas<\/a> <em>WSL - Braine-l'Alleud - Enghien - La Louvi\u00e8re<\/em><br \/>\n<a href=\"#wow-modal-id-10\">Catherine Frenoy<\/a>\u00a0 Saint-G\u00e9ry (Chastre)<br \/>\n<a href=\"#wow-modal-id-11\">Nadia Gianotto<\/a> <em>Namur - Sombreffe<\/em><br \/>\n<a href=\"#wow-modal-id-12\">Audrey Membrive<\/a> <em>Bruxelles<\/em><br \/>\n<a href=\"#wow-modal-id-13\">Pascale Mouton<\/a> <em>Hoeilaart<\/em><br \/>\n<a href=\"#wow-modal-id-40\">B\u00e9n\u00e9dicte Reding<\/a> <em>Etterbeek<\/em><br \/>\n<a href=\"#wow-modal-id-37\">Genevi\u00e8ve Salvatori<\/a> <em>Limal (Wavre)<\/em><br \/>\n<a href=\"#wow-modal-id-29\">V\u00e9ronique Timmermans<\/a> <em>Gonrieux - Mont-sur-Marchienne<\/em><\/p>\n<\/div>\n<\/div><\/div><\/div><\/div><div id=\"pgc-14-0-1\"  class=\"panel-grid-cell\" ><div id=\"panel-14-0-1-0\" class=\"so-panel widget widget_sow-editor panel-first-child\" data-index=\"2\" ><div\n\t\t\t\n\t\t\tclass=\"so-widget-sow-editor so-widget-sow-editor-base\"\n\t\t\t\n\t\t>\n<div class=\"siteorigin-widget-tinymce textwidget\">\n\t<p><strong>Le R\u00e9seau Burn Out\u00a0a pour mission\u00a0:<\/strong><\/p>\n<p>Le suivi th\u00e9rapeutique via une\u00a0prise en charge ambulatoire multidisciplinaire - en collaboration avec le m\u00e9decin traitant - de personnes souffrant de pathologies li\u00e9es \u00e0 la charge psychosociale au travail (\u00e9puisement et burnout, harc\u00e8lement, troubles psychosomatiques, psychologiques, psychiatriques, accidents du travail, etc)<\/p>\n<p>L'information, l'organisation de s\u00e9minaires<\/p>\n<p>La recherche dans tous les domaines touchant directement ou indirectement aux pathologies li\u00e9es \u00e0 la charge psychosociale au travail<\/p>\n<p>La collaboration avec les acteurs actifs dans le domaine (universit\u00e9s, organes de soins, autorit\u00e9s gouvernementales, etc).<\/p>\n<\/div>\n<\/div><\/div><div id=\"panel-14-0-1-1\" class=\"so-panel widget widget_sow-editor panel-last-child\" data-index=\"3\" ><div class=\"panel-widget-style panel-widget-style-for-14-0-1-1\" ><div\n\t\t\t\n\t\t\tclass=\"so-widget-sow-editor so-widget-sow-editor-base\"\n\t\t\t\n\t\t>\n<div class=\"siteorigin-widget-tinymce textwidget\">\n\t<h3>Les sophrologues<\/h3>\n<p><a href=\"#wow-modal-id-14\">Bernadette Degroote<\/a> <em>Feluy - Louvain-la-Neuve<\/em><br \/>\n<a href=\"#wow-modal-id-15\">B\u00e9atrice Mesters<\/a> <em>Bruxelles<\/em><br \/>\n<a href=\"#wow-modal-id-44\">Sabine Keppenne<\/a> <em>Wasseiges - Hannut<\/em><br \/>\n<a href=\"#wow-modal-id-52\">V\u00e9ronique Goblet<\/a> <em>Nivelles<\/em><\/p>\n<h3>Les coachs<\/h3>\n<p><a href=\"#wow-modal-id-50\">Laurence Bellet-Barlow<\/a> <em>Bruxelles<\/em><br \/>\n<a href=\"#wow-modal-id-48\">Elise De Maere<\/a> <em>Wauthier-Braine<\/em><br \/>\n<a href=\"#wow-modal-id-49\">Fran\u00e7oise Fabry<\/a> <em>Walhain<\/em><br \/>\n<a href=\"#wow-modal-id-27\">Isabelle Grisar<\/a> <em>Hoeilaert<\/em><br \/>\n<a href=\"#wow-modal-id-42\">Sabine Hauser<\/a> <em>Li\u00e8ge<\/em><br \/>\n<a href=\"#wow-modal-id-32\">Catherine Henrotte<\/a> <em>Luxembourg<\/em><br \/>\n<a href=\"#wow-modal-id-35\">Anouk Mendelbaum<\/a> <em>Bruxelles (Forest)<\/em><br \/>\n<a href=\"#wow-modal-id-54\">Pierre Guillaume<\/a> <em>Braine l'Alleud<\/em><\/p>\n<h3>Les juristes<\/h3>\n<p><a href=\"#wow-modal-id-46\">Eveline Ankaert<\/a> <em>Bruxelles<\/em><br \/>\n<a href=\"#wow-modal-id-24\">S\u00e9verine Evrard<\/a> <em>Bruxelles<\/em><br \/>\n<a href=\"#wow-modal-id-55\">Nathalie Fonsny<\/a> <em>Eupen<\/em><\/p>\n<\/div>\n<\/div><\/div><\/div><\/div><\/div><div id=\"pg-14-1\"  class=\"panel-grid panel-no-style\" ><div id=\"pgc-14-1-0\"  class=\"panel-grid-cell\" ><div id=\"panel-14-1-0-0\" class=\"widget_text so-panel widget widget_custom_html panel-first-child\" data-index=\"4\" ><div class=\"textwidget custom-html-widget\"><img decoding=\"async\" src=\"http:\/\/reseauburnout.org\/wp-content\/uploads\/2019\/03\/medecins.png\">\n<strong style=\"padding-right:15px;\">M\u00e9decins (psychiatres et g\u00e9n\u00e9ralistes)<\/strong>&nbsp;&nbsp;\n<img decoding=\"async\" src=\"http:\/\/reseauburnout.org\/wp-content\/uploads\/2019\/03\/psychologues.png\"\/> \n<strong style=\"padding-right:15px;\">Psychologues<\/strong>&nbsp;&nbsp;\n<img decoding=\"async\" src=\"http:\/\/reseauburnout.org\/wp-content\/uploads\/2019\/03\/sophrologues.png\"\/>\n<strong style=\"padding-right:15px;\">Sophrologues<\/strong>&nbsp;&nbsp;\n<img decoding=\"async\" src=\"http:\/\/reseauburnout.org\/wp-content\/uploads\/2019\/03\/coachs.png\"\/>\n<strong style=\"padding-right:15px;\">Coachs<\/strong>&nbsp;&nbsp;\n<img decoding=\"async\" src=\"http:\/\/reseauburnout.org\/wp-content\/uploads\/2019\/03\/juristes.png\"\/>\n<strong>Juristes<\/strong><\/div><\/div><div id=\"panel-14-1-0-1\" class=\"so-panel widget panel-last-child\" data-index=\"5\" ><\/div><\/div><\/div><\/div>","protected":false},"excerpt":{"rendered":"<p>L&rsquo;asbl R\u00e9seau Burn Out\u00a0est un r\u00e9seau d\u2019intervenants sp\u00e9cialis\u00e9s dans le suivi et l\u2019accompagnement de probl\u00e9matiques et situations \u00e9manant de pathologies li\u00e9es \u00e0 la charge psychosociale au travail. Notre r\u00e9seau est constitu\u00e9 de professionnels d\u2019horizons et de disciplines diff\u00e9rentes.Tous convergent vers un m\u00eame objectif : soutenir le m\u00e9decin traitant \u00e0 r\u00e9tablir le bien-\u00eatre de la personne. &#8230; <a title=\"Qui sommes-nous ?\" class=\"read-more\" href=\"https:\/\/reseauburnout.org\/index.php\/qui-sommes-nous\/\">Lire la suite <span class=\"screen-reader-text\">Qui sommes-nous ?<\/span><\/a><\/p>\n","protected":false},"author":1,"featured_media":0,"parent":0,"menu_order":40,"comment_status":"closed","ping_status":"closed","template":"","meta":{"two_page_speed":[],"footnotes":""},"class_list":["post-14","page","type-page","status-publish"],"aioseo_notices":[],"_links":{"self":[{"href":"https:\/\/reseauburnout.org\/index.php\/wp-json\/wp\/v2\/pages\/14","targetHints":{"allow":["GET"]}}],"collection":[{"href":"https:\/\/reseauburnout.org\/index.php\/wp-json\/wp\/v2\/pages"}],"about":[{"href":"https:\/\/reseauburnout.org\/index.php\/wp-json\/wp\/v2\/types\/page"}],"author":[{"embeddable":true,"href":"https:\/\/reseauburnout.org\/index.php\/wp-json\/wp\/v2\/users\/1"}],"replies":[{"embeddable":true,"href":"https:\/\/reseauburnout.org\/index.php\/wp-json\/wp\/v2\/comments?post=14"}],"version-history":[{"count":237,"href":"https:\/\/reseauburnout.org\/index.php\/wp-json\/wp\/v2\/pages\/14\/revisions"}],"predecessor-version":[{"id":2359,"href":"https:\/\/reseauburnout.org\/index.php\/wp-json\/wp\/v2\/pages\/14\/revisions\/2359"}],"wp:attachment":[{"href":"https:\/\/reseauburnout.org\/index.php\/wp-json\/wp\/v2\/media?parent=14"}],"curies":[{"name":"wp","href":"https:\/\/api.w.org\/{rel}","templated":true}]}}