{"id":5,"date":"2016-09-13T12:23:16","date_gmt":"2016-09-13T10:23:16","guid":{"rendered":"http:\/\/reseauburnout.org\/?page_id=5"},"modified":"2026-05-02T10:45:18","modified_gmt":"2026-05-02T08:45:18","slug":"accueil","status":"publish","type":"page","link":"https:\/\/reseauburnout.org\/","title":{"rendered":"Burn Out ? Le R\u00e9seau Burn Out vous aide"},"content":{"rendered":"<div id=\"pl-5\"  class=\"panel-layout\" ><div id=\"pg-5-0\"  class=\"panel-grid panel-no-style\" ><div id=\"pgc-5-0-0\"  class=\"panel-grid-cell\" ><div id=\"panel-5-0-0-0\" class=\"so-panel widget widget_sow-editor panel-first-child panel-last-child\" data-index=\"0\" ><div class=\"panel-widget-style panel-widget-style-for-5-0-0-0\" ><div\n\t\t\t\n\t\t\tclass=\"so-widget-sow-editor so-widget-sow-editor-base\"\n\t\t\t\n\t\t>\n<div class=\"siteorigin-widget-tinymce textwidget\">\n\t<h2>La grenouille qui ne savait pas qu'elle \u00e9tait cuite<\/h2>\n<p>Imaginez une marmite remplie d\u2019eau froide dans laquelle nage tranquillement une grenouille. Le feu est allum\u00e9 sous la marmite. L\u2019eau chauffe doucement. Elle est bient\u00f4t ti\u00e8de. La grenouille trouve cela plut\u00f4t agr\u00e9able et continue de nager.<\/p>\n<p>La temp\u00e9rature commence \u00e0 grimper. L\u2019eau est chaude. C\u2019est un plus que n\u2019appr\u00e9cie pas particuli\u00e8rement la grenouille mais elle ne s\u2019affole pas pour autant, surtout que la chaleur tend \u00e0 la fatiguer et l\u2019engourdir.<\/p>\n<p>L\u2019eau est vraiment chaude maintenant. La grenouille commence \u00e0 trouver cela d\u00e9sagr\u00e9able mais elle est affaiblie. Alors elle supporte, elle s\u2019efforce de s\u2019adapter et ne fait rien.<\/p>\n<p>La temp\u00e9rature de l\u2019eau continue ainsi de monter progressivement, sans changement brusque, jusqu\u2019au moment o\u00f9 la grenouille va tout simplement finir par cuire, sans jamais s\u2019extraire de la marmite.<\/p>\n<p>Si elle \u00e9tait plong\u00e9e d\u2019un coup dans une marmite d\u2019eau bouillante, la grenouille donnerait imm\u00e9diatement un coup de patte salutaire et se retrouverait dehors.<\/p>\n<div><em>Extrait du livre: La grenouille ne savait pas qu\u2019elle \u00e9tait cuite et autres le\u00e7ons de vie d\u2019Olivier Clerc.<\/em><\/div>\n<p style=\"margin-top: 0px; margin-bottom: 2px; color: #47520e; font-family: Georgia, 'Times New Roman', Times, serif; font-size: 14px; font-style: normal; font-variant-ligatures: normal; font-variant-caps: normal; font-weight: normal; letter-spacing: normal; line-height: normal; orphans: 2; text-align: start; text-indent: 0px; text-transform: none; white-space: normal; widows: 2; word-spacing: 0px; -webkit-text-stroke-width: 0px;\"><em><span class=\"Apple-converted-space\">\u00a0<\/span><\/em><\/p>\n<\/div>\n<\/div><\/div><\/div><\/div><div id=\"pgc-5-0-1\"  class=\"panel-grid-cell\" ><div id=\"panel-5-0-1-0\" class=\"so-panel widget widget_sow-editor panel-first-child\" data-index=\"1\" ><div\n\t\t\t\n\t\t\tclass=\"so-widget-sow-editor so-widget-sow-editor-base\"\n\t\t\t\n\t\t>\n<div class=\"siteorigin-widget-tinymce textwidget\">\n\t<p><strong>Qu'est-ce que le R\u00e9seau Burn Out<\/strong>\u00a0?<\/p>\n<p class=\"p1\"><span class=\"s1\">Le\u00a0R\u00e9seau Burn Out (abbr\u00e9viation de <em>R\u00e9seau Pluridisciplinaire de Suivi et Pr\u00e9vention de la Souffrance au Travail<\/em>), fond\u00e9 en 2008 par le Dr. P. Mesters, neuropsychiatre, <\/span><span class=\"s1\">r\u00e9unit une \u00e9quipe pluridisciplinaire comprenant des psychiatres, m\u00e9decins g\u00e9n\u00e9ralistes, psychologues, sophrologues, coachs professionnels\u00a0et juristes. Il\u00a0a pour mission principale de soutenir le m\u00e9decin traitant dans l'accompagnement de toute personne confront\u00e9e \u00e0 une probl\u00e9matique d\u2019\u00e9puisement professionnel ou de souffrance au travail.<\/span><\/p>\n<\/div>\n<\/div><\/div><div id=\"panel-5-0-1-1\" class=\"so-panel widget widget_sow-editor panel-last-child\" data-index=\"2\" ><div\n\t\t\t\n\t\t\tclass=\"so-widget-sow-editor so-widget-sow-editor-base\"\n\t\t\t\n\t\t>\n<div class=\"siteorigin-widget-tinymce textwidget\">\n\t<p><strong>Vous cherchez de l'aide et des informations <br \/>sur le burnout<\/strong> ?<br \/> <a href=\"http:\/\/reseauburnout.org\/index.php\/etes_vous_en_burnout\/\">Etes-vous en burnout ?<br \/> <\/a><a href=\"http:\/\/reseauburnout.org\/index.php\/etes_vous_en_burnout#test\">Faites le test<\/a><a href=\"http:\/\/reseauburnout.org\/index.php\/un-accompagnement-pluridisciplinaire-pour-vous\/\"><br \/> Un accompagnement pluridisciplinaire<\/a><br \/> <a href=\"http:\/\/reseauburnout.org\/wp-content\/uploads\/2017\/01\/2015-49-REACTIVATE-PatientGuide-FR-PRINT-LR.pdf\" target=\"_blank\" rel=\"noopener\">T\u00e9l\u00e9charger la brochure \"Et si mon burn out <br \/>\u00e9tait une chance ?\"<\/a><br \/> <strong>Vous \u00eates un professionnel<br \/> et vous cherchez des informations sur notre r\u00e9seau ?<\/strong><br \/> <a href=\"http:\/\/reseauburnout.org\/index.php\/un-accompagnement-pluridisciplinaire-pour-vous\/\">Un accompagnement pluridisciplinaire<\/a><br \/> <a href=\"http:\/\/reseauburnout.org\/index.php\/qui-sommes-nous\/\">Qui sommes-nous ?<\/a><br \/> <a href=\"http:\/\/reseauburnout.org\/index.php\/nos-interventions-et-publications\/\">Nos interventions et nos publications<\/a><\/p>\n<\/div>\n<\/div><\/div><\/div><\/div><\/div>","protected":false},"excerpt":{"rendered":"<p>La grenouille qui ne savait pas qu&rsquo;elle \u00e9tait cuite Imaginez une marmite remplie d\u2019eau froide dans laquelle nage tranquillement une grenouille. Le feu est allum\u00e9 sous la marmite. L\u2019eau chauffe doucement. Elle est bient\u00f4t ti\u00e8de. La grenouille trouve cela plut\u00f4t agr\u00e9able et continue de nager. La temp\u00e9rature commence \u00e0 grimper. L\u2019eau est chaude. C\u2019est un &#8230; <a title=\"Burn Out ? Le R\u00e9seau Burn Out vous aide\" class=\"read-more\" href=\"https:\/\/reseauburnout.org\/\">Lire la suite <span class=\"screen-reader-text\">Burn Out ? Le R\u00e9seau Burn Out vous aide<\/span><\/a><\/p>\n","protected":false},"author":1,"featured_media":0,"parent":0,"menu_order":0,"comment_status":"closed","ping_status":"closed","template":"","meta":{"two_page_speed":null,"footnotes":""},"class_list":["post-5","page","type-page","status-publish"],"aioseo_notices":[],"_links":{"self":[{"href":"https:\/\/reseauburnout.org\/index.php\/wp-json\/wp\/v2\/pages\/5","targetHints":{"allow":["GET"]}}],"collection":[{"href":"https:\/\/reseauburnout.org\/index.php\/wp-json\/wp\/v2\/pages"}],"about":[{"href":"https:\/\/reseauburnout.org\/index.php\/wp-json\/wp\/v2\/types\/page"}],"author":[{"embeddable":true,"href":"https:\/\/reseauburnout.org\/index.php\/wp-json\/wp\/v2\/users\/1"}],"replies":[{"embeddable":true,"href":"https:\/\/reseauburnout.org\/index.php\/wp-json\/wp\/v2\/comments?post=5"}],"version-history":[{"count":83,"href":"https:\/\/reseauburnout.org\/index.php\/wp-json\/wp\/v2\/pages\/5\/revisions"}],"predecessor-version":[{"id":1736,"href":"https:\/\/reseauburnout.org\/index.php\/wp-json\/wp\/v2\/pages\/5\/revisions\/1736"}],"wp:attachment":[{"href":"https:\/\/reseauburnout.org\/index.php\/wp-json\/wp\/v2\/media?parent=5"}],"curies":[{"name":"wp","href":"https:\/\/api.w.org\/{rel}","templated":true}]}}